{"id":1246,"date":"2024-07-15T16:40:55","date_gmt":"2024-07-15T20:40:55","guid":{"rendered":"https:\/\/obcoop.ufms.br\/?page_id=1246"},"modified":"2025-06-17T15:11:23","modified_gmt":"2025-06-17T19:11:23","slug":"evolucao-do-desenvolvimento-das-atividades-do-prodes","status":"publish","type":"page","link":"https:\/\/obcoop.ufms.br\/en\/proalter\/evolucao-do-desenvolvimento-das-atividades-do-prodes\/","title":{"rendered":"Evolu\u00e7\u00e3o do desenvolvimento das atividades do PRODES"},"content":{"rendered":"<p class=\"text-justify\">A partir do levantamento de dados secund\u00e1rios foi poss\u00edvel apresentar os Empreendimentos de Economia Solid\u00e1ria em Mato Grosso do Sul de <a href=\"\/\/lookerstudio.google.com\/reporting\/f213878a-5f50-4ba5-9d15-9bf10d40123f\/page\/p_vef2a2ccid?s=ozQGkfMh4zE\" target=\"_blank\" style=\"color:#0088b7;font-weight:bolder\" rel=\"noopener\">2010-2013 <i class=\"fa fa-external-link\"><\/i><\/a> e de <a href=\"\/\/lookerstudio.google.com\/reporting\/f213878a-5f50-4ba5-9d15-9bf10d40123f\/page\/p_vef2a2ccid?s=shRyY0gR7mY\" target=\"_blank\" style=\"color:#0088b7;font-weight:bolder\" rel=\"noopener\">2017 <i class=\"fa fa-external-link\"><\/i><\/a>, inclusive podendo ver a compara\u00e7\u00e3o desses dois per\u00edodos.<\/p>\n<p class=\"text-justify\">O mesmo ocorre quanto \u00e0s Cooperativas em Mato Grosso do Sul <a href=\"\/\/lookerstudio.google.com\/reporting\/b122af43-b7a2-4665-b425-73cc582e82d9\/page\/p_5dkcutlyod?s=kFd8A8Rq6R0\" target=\"_blank\" style=\"color:#0088b7;font-weight:bolder\" rel=\"noopener\">neste link <i class=\"fa fa-external-link\"><\/i><\/a><\/p>\n<p>&nbsp;<br \/>\n&nbsp;<\/p>\n<p class=\"text-justify\">O aplicativo desenvolvido gera informa\u00e7\u00f5es (dados prim\u00e1rios) que s\u00e3o organizados e compartilhadas no item OBCOOP Coleta \/ Produtores e Empreendimentos de Economia Solid\u00e1ria <a href=\"\/\/lookerstudio.google.com\/reporting\/9ef1fc6b-1889-472f-96c8-08dc131f19a5\/page\/FSGAF\" target=\"_blank\" style=\"color:#0088b7;font-weight:bolder\" rel=\"noopener\">acesso p\u00fablico <i class=\"fa fa-external-link\"><\/i><\/a> e <a href=\"\/\/lookerstudio.google.com\/reporting\/05bc5f3d-f989-4a54-8a7e-a2c6ae4ecc9b\/page\/FSGAF\" target=\"_blank\" style=\"color:#0088b7;font-weight:bolder\" rel=\"noopener\">acesso <i class=\"fa fa-lock\" style=\"color:#AA1\"><\/i> administrativo <i class=\"fa fa-external-link\"><\/i><\/a><\/p>\n<h4><em>Acesse as informa\u00e7\u00f5es do aplicativo OBCOOP Coleta em <a href=\"\/\/obcoop.ufms.br\/obcoop-coleta\/\">obcoop.ufms.br\/obcoop-coleta<\/a> <\/em><\/h4>\n<p>&nbsp;<br \/>\n&nbsp;<br \/>\n&nbsp;<\/p>\n<p class=\"text-justify\">Ainda, o Mercado Solid\u00e1rio &#8211; aplicativo tamb\u00e9m desenvolvido, gera informa\u00e7\u00f5es no item Estat\u00edstica do Mercado Solid\u00e1rio <a href=\"\/\/lookerstudio.google.com\/reporting\/13396437-a500-40a1-949a-1fd80451d446\/page\/p_qykta38sld?s=vsFZpX1bXMU\" target=\"_blank\" style=\"color:#0088b7;font-weight:bolder\" rel=\"noopener\">acesso <i class=\"fa fa-lock\" style=\"color:#AA1\"><\/i> administrativo de informa\u00e7\u00f5es sociodemogr\u00e1ficas <i class=\"fa fa-external-link\"><\/i><\/a>e <a href=\"\/\/lookerstudio.google.com\/reporting\/13396437-a500-40a1-949a-1fd80451d446\/page\/vkVDE?s=hNOdJk8n-ls\" target=\"_blank\" style=\"color:#0088b7;font-weight:bolder\" rel=\"noopener\">acesso <i class=\"fa fa-lock\" style=\"color:#AA1\"><\/i> administrativo de uso <i class=\"fa fa-external-link\"><\/i><\/a><\/p>\n<h4><em>Acesse o aplicativo Mercado Solid\u00e1rio em: <a href=\"\/\/obcoop.ufms.br\/obcoop-solidario\/\">obcoop.ufms.br\/obcoop-solidario<\/a> <\/em><\/h4>\n<p>&nbsp;<br \/>\n&nbsp;<br \/>\n&nbsp;<\/p>\n<p class=\"text-justify\">Todas essas informa\u00e7\u00f5es geram subs\u00eddios para tomada de decis\u00e3o e para a direcionamento de pol\u00edticas p\u00fablicas. Al\u00e9m disso, compilamos as estrat\u00e9gias na etapa 1.8 <a href=\"\/\/obcoop.ufms.br\/proalter\/estrategia-de-desenvolvimento-das-atividades-do-prodes-banco-de-dados\/\" target=\"_blank\" style=\"color:#0088b7;font-weight:bolder\">obcoop.ufms.br\/proalter\/estrategia-de-desenvolvimento-das-atividades-do-prodes-banco-de-dados <i class=\"fa fa-external-link\"><\/i><\/a>.<\/p>\n<p>&nbsp;<\/p>\n","protected":false},"excerpt":{"rendered":"<p>A partir do levantamento de dados secund\u00e1rios foi poss\u00edvel apresentar os Empreendimentos de Economia Solid\u00e1ria em Mato Grosso do Sul de 2010-2013 e de 2017 , inclusive podendo ver a compara\u00e7\u00e3o desses dois per\u00edodos. O mesmo ocorre quanto \u00e0s Cooperativas em Mato Grosso do Sul neste link &nbsp; &nbsp; O aplicativo desenvolvido gera informa\u00e7\u00f5es (dados [&hellip;]<\/p>\n","protected":false},"author":1087,"featured_media":0,"parent":42,"menu_order":0,"comment_status":"closed","ping_status":"closed","template":"","meta":{"ngg_post_thumbnail":0,"footnotes":""},"coauthors":[30],"class_list":["post-1246","page","type-page","status-publish","hentry"],"_links":{"self":[{"href":"https:\/\/obcoop.ufms.br\/en\/wp-json\/wp\/v2\/pages\/1246","targetHints":{"allow":["GET"]}}],"collection":[{"href":"https:\/\/obcoop.ufms.br\/en\/wp-json\/wp\/v2\/pages"}],"about":[{"href":"https:\/\/obcoop.ufms.br\/en\/wp-json\/wp\/v2\/types\/page"}],"author":[{"embeddable":true,"href":"https:\/\/obcoop.ufms.br\/en\/wp-json\/wp\/v2\/users\/1087"}],"replies":[{"embeddable":true,"href":"https:\/\/obcoop.ufms.br\/en\/wp-json\/wp\/v2\/comments?post=1246"}],"version-history":[{"count":14,"href":"https:\/\/obcoop.ufms.br\/en\/wp-json\/wp\/v2\/pages\/1246\/revisions"}],"predecessor-version":[{"id":2166,"href":"https:\/\/obcoop.ufms.br\/en\/wp-json\/wp\/v2\/pages\/1246\/revisions\/2166"}],"up":[{"embeddable":true,"href":"https:\/\/obcoop.ufms.br\/en\/wp-json\/wp\/v2\/pages\/42"}],"wp:attachment":[{"href":"https:\/\/obcoop.ufms.br\/en\/wp-json\/wp\/v2\/media?parent=1246"}],"wp:term":[{"taxonomy":"author","embeddable":true,"href":"https:\/\/obcoop.ufms.br\/en\/wp-json\/wp\/v2\/coauthors?post=1246"}],"curies":[{"name":"wp","href":"https:\/\/api.w.org\/{rel}","templated":true}]}}