{"id":1249,"date":"2024-07-15T16:42:13","date_gmt":"2024-07-15T20:42:13","guid":{"rendered":"https:\/\/obcoop.ufms.br\/?page_id=1249"},"modified":"2025-05-30T16:59:35","modified_gmt":"2025-05-30T20:59:35","slug":"seminarios","status":"publish","type":"page","link":"https:\/\/obcoop.ufms.br\/en\/proalter\/seminarios\/","title":{"rendered":"Semin\u00e1rios"},"content":{"rendered":"\n<div class=\"panel panel-default\">\n<div class=\"panel-body\">\n<h4>T\u00edtulo: GOVERNAN\u00c7A E DEMOCRACIA PARTICIPATIVA NA ASSOCIA\u00c7\u00c3O DO ASSENTAMENTO SANTA MARINA EM BELA VISTA<\/h4>\n<p><strong>Autora:<\/strong> Adrieli Gauna MIRANDA<\/p>\n<p><strong>Orientadora:<\/strong> <a href=\"https:\/\/lattes.cnpq.br\/6286541921476548\" target=\"_blank\">Dra. Luciane Cristina Carvalho<\/a><\/p>\n<p>      <a class=\"btn btn-primary\" href=\"https:\/\/drive.google.com\/file\/d\/1rxkt_T2rWMEqa7rjND2CHo2Z9QuWLN_1\/view?usp=sharing\" target=\"_blank\">Ver Resumo<\/a>\n    <\/div>\n<\/p><\/div>\n<div class=\"panel panel-default\">\n<div class=\"panel-body\">\n<h4>T\u00edtulo: REVITALIZA\u00c7\u00c3O DA CENTRAL DE COMERCIALIZA\u00c7\u00c3O DE ECONOMIA SOLID\u00c1RIA DE MATO GROSSO DO SUL<\/h4>\n<p><strong>Autor:<\/strong> Alan Coelho Catharineli de OLIVEIRA<\/p>\n<p><strong>Orientador:<\/strong> <a href=\"https:\/\/lattes.cnpq.br\/9432895074645169\" target=\"_blank\">Dr. Geraldino Carneiro de ARA\u00daJO<\/a><\/p>\n<p>      <a class=\"btn btn-primary\" href=\"https:\/\/drive.google.com\/file\/d\/1tqUVqzcynNMNYXOWyUGlonOODLGzqJ4p\/view?usp=sharing\" target=\"_blank\">Ver Resumo<\/a>\n    <\/div>\n<\/p><\/div>\n<div class=\"panel panel-default\">\n<div class=\"panel-body\">\n<h4>T\u00edtulo: O PROCESSO EROSIVO DO SOLO NAS \u00c1REAS RURAIS E A DIFICULDADE DE CONTEN\u00c7\u00c3O<\/h4>\n<p><strong>Autor:<\/strong> Alcindo Gon\u00e7alves Marques de SOUZA<\/p>\n<p><strong>Orientador:<\/strong> <a href=\"https:\/\/lattes.cnpq.br\/4003358515033477\" target=\"_blank\">Dr. Jos\u00e9 Aparecido Moura ARANHA<\/a><\/p>\n<p>      <a class=\"btn btn-primary\" href=\"https:\/\/drive.google.com\/file\/d\/1fcDyEsK1D7QodXS3kPj3qOjYqFZkwgqA\/view?usp=sharing\" target=\"_blank\">Ver Resumo<\/a>\n    <\/div>\n<\/p><\/div>\n<div class=\"panel panel-default\">\n<div class=\"panel-body\">\n<h4>T\u00edtulo: POL\u00cdTICAS DE MICROCR\u00c9DITO E INCLUS\u00c3O FINANCEIRA: O CASO DA INCUBADORA TECNOL\u00d3GICA DE COOPERATIVAS POPULARES (ITCP-UFMS) EM 2024<\/h4>\n<p><strong>Autor:<\/strong> Ant\u00f4nio Lucas Brito Lustosa<\/p>\n<p><strong>Orientadora:<\/strong> <a href=\"https:\/\/lattes.cnpq.br\/6286541921476548\" target=\"_blank\">Dra. Luciane Cristina CARVALHO<\/a><\/p>\n<p>      <a class=\"btn btn-primary\" href=\"https:\/\/drive.google.com\/file\/d\/1gJPSAhSBV9VqftOlSA8JD826LnlOtgVp\/view?usp=sharing\" target=\"_blank\">Ver Resumo<\/a>\n    <\/div>\n<\/p><\/div>\n<div class=\"panel panel-default\">\n<div class=\"panel-body\">\n<h4>T\u00edtulo: TRANSMISS\u00c3O CULTURAL NA PRODU\u00c7\u00c3O ARTESANAL DA PENEIRA COM FIBRAS DA TABOCA: O CASO DE FURNAS DO DION\u00cdSIO<\/h4>\n<p><strong>Autora:<\/strong> Clemilda Martins Serafim de Souza<\/p>\n<p><strong>Orientadora:<\/strong> <a href=\"https:\/\/lattes.cnpq.br\/6286541921476548\" target=\"_blank\">Dra. Luciane Cristina CARVALHO<\/a><\/p>\n<p>      <a class=\"btn btn-primary\" href=\"https:\/\/drive.google.com\/file\/d\/1MLymmttQJvXJ09_VoHZUMY2CxzmoZqKu\/view?usp=sharing\" target=\"_blank\">Ver Resumo<\/a>\n    <\/div>\n<\/p><\/div>\n<div class=\"panel panel-default\">\n<div class=\"panel-body\">\n<h4>T\u00edtulo: A IMPORT\u00c2NCIA DA PRODUTIVIDADE E VENDA DE PRODUTOS ALIMENT\u00cdCIOS NA GERA\u00c7\u00c3O DE RENDA DAS MULHERES QUILOMBOLAS<\/h4>\n<p><strong>Autora:<\/strong> Eva Catarina Siqueira Nantes<\/p>\n<p><strong>Orientador:<\/strong> <a href=\"https:\/\/lattes.cnpq.br\/1113479347390844\" target=\"_blank\">Dr. Marcelo Ribeiro SILVA<\/a><\/p>\n<p>      <a class=\"btn btn-primary\" href=\"\" target=\"_blank\">Ver Resumo<\/a>\n    <\/div>\n<\/p><\/div>\n<div class=\"panel panel-default\">\n<div class=\"panel-body\">\n<h4>T\u00edtulo: SUSTENTABILIDADE E DESENVOLVIMENTO: O PAPEL DO PRONAF FLORESTAS NO MERCADO DE CR\u00c9DITOS DE CARBONO EM MATO GROSSO DO SUL<\/h4>\n<p><strong>Autora:<\/strong> Janaina Soares CARLIN<\/p>\n<p><strong>Orientador:<\/strong> <a href=\"https:\/\/lattes.cnpq.br\/9432895074645169\" target=\"_blank\">Dr. Geraldino Carneiro de ARA\u00daJO<\/a><\/p>\n<p>      <a class=\"btn btn-primary\" href=\"https:\/\/drive.google.com\/file\/d\/1Y47Ss-jRHaBLBsndg9voIeJmtZ-6X2wq\/view?usp=sharing\" target=\"_blank\">Ver Resumo<\/a>\n    <\/div>\n<\/p><\/div>\n<div class=\"panel panel-default\">\n<div class=\"panel-body\">\n<h4>T\u00edtulo: ANALISE DE ESTRAT\u00c9GIAS DE FINANCIAMENTO UTILIZADAS PELOS EMPREENDIMENTOS DE ECONOMIA SOLID\u00c1RIA E DA AGRICULTURA FAMILIAR E SEU IMPACTO NA SUSTENTABILIDADE ECON\u00d4MICA EM MATO GROSSO DO SUL<\/h4>\n<p><strong>Autor:<\/strong> Jeferson Oliveira de ALMEIDA<\/p>\n<p><strong>Orientador:<\/strong> <a href=\"https:\/\/lattes.cnpq.br\/4003358515033477\" target=\"_blank\">Dr. Jos\u00e9 Aparecido Moura ARANHA<\/a><\/p>\n<p>      <a class=\"btn btn-primary\" href=\"https:\/\/drive.google.com\/file\/d\/1J6WMW1f3jn8z9qk0RZCuLpfluisdjSXf\/view?usp=sharing\" target=\"_blank\">Ver Resumo<\/a>\n    <\/div>\n<\/p><\/div>\n<div class=\"panel panel-default\">\n<div class=\"panel-body\">\n<h4>T\u00edtulo: DESAFIOS E PERSPECTIVAS DOS EXPOSITORES\/FEIRANTES DA FEIRA ZIRIGUIDUM EM CAMPO GRANDE-MS<\/h4>\n<p><strong>Autora:<\/strong> Katerin Sabrina Gomez FERNANDES<\/p>\n<p><strong>Orientador:<\/strong> <a href=\"https:\/\/lattes.cnpq.br\/9432895074645169\" target=\"_blank\">Dr. Geraldino Carneiro de ARA\u00daJO<\/a><\/p>\n<p>      <a class=\"btn btn-primary\" href=\"https:\/\/drive.google.com\/file\/d\/1cefnCip_Psyqk-vLfKhWfnYomnlHYUMd\/view?usp=sharing\" target=\"_blank\">Ver Resumo<\/a>\n    <\/div>\n<\/p><\/div>\n<div class=\"panel panel-default\">\n<div class=\"panel-body\">\n<h4>T\u00edtulo: A INSTITUCIONALIZA\u00c7\u00c3O DA ECONOMIA SOLID\u00c1RIA A A\u00c7\u00c3O GOVERNAMENTAL NO MATO GROSSO DO SUL: A FUNDA\u00c7\u00c3O DO TRABALHO DE MATO GROSSO DO SUL (FUNTRAB)<\/h4>\n<p><strong>Autora:<\/strong> Marcia Campos<\/p>\n<p><strong>Orientador:<\/strong> <a href=\"https:\/\/lattes.cnpq.br\/1113479347390844\" target=\"_blank\">Dr. Marcelo Ribeiro SILVA<\/a><\/p>\n<p>      <a class=\"btn btn-primary\" href=\"https:\/\/drive.google.com\/file\/d\/1gCe1Xo9nrxHbsPcBS5sbACDc3Pn21z-V\/view?usp=sharing\" target=\"_blank\">Ver Resumo<\/a>\n    <\/div>\n<\/p><\/div>\n<div class=\"panel panel-default\">\n<div class=\"panel-body\">\n<h4>T\u00edtulo: QUILOINVESTMS \u2013 SUBPROGRAMA DE MICROCR\u00c9DITO DESTINADO AO FINANCIAMENTO ESPEC\u00cdFICO DE EMPREENDIMENTOS QUILOMBOLAS EM MATO GROSSO DO SUL<\/h4>\n<p><strong>Autora:<\/strong> Maysa Cavalcante Santos FRAN\u00c7A<\/p>\n<p><strong>Orientadora:<\/strong> <a href=\"https:\/\/lattes.cnpq.br\/6286541921476548\" target=\"_blank\">Dra. Luciana Cristina CARVALHO<\/a><\/p>\n<p>      <a class=\"btn btn-primary\" href=\"https:\/\/drive.google.com\/file\/d\/1qRf6UeJAtQL11i7OiLGzz4ZuF6jDr4hD\/view?usp=sharing\" target=\"_blank\">Ver Resumo<\/a>\n    <\/div>\n<\/p><\/div>\n<div class=\"panel panel-default\">\n<div class=\"panel-body\">\n<h4>T\u00edtulo: Sustentabilidade e cooperativismo: a contribui\u00e7\u00e3o vital das cooperativas para um futuro sustent\u00e1vel<\/h4>\n<p><strong>Autor:<\/strong> Rafael Lopes Marques<\/p>\n<p><strong>Orientador:<\/strong> <a href=\"https:\/\/lattes.cnpq.br\/1113479347390844\" target=\"_blank\">Dr. Marcelo Ribeiro SILVA<\/a><\/p>\n<p>      <a class=\"btn btn-primary\" href=\"https:\/\/drive.google.com\/file\/d\/12Tn4SbDjgyCE-QdAGDR-qAN_wwR4-25H\/view?usp=sharing\" target=\"_blank\">Ver Resumo<\/a>\n    <\/div>\n<\/p><\/div>\n<div class=\"panel panel-default\">\n<div class=\"panel-body\">\n<h4>T\u00edtulo: PR\u00c1TICAS DE GEST\u00c3O PARTICIPATIVA E AUTOGEST\u00c3O EM EMPREENDIMENTOS DE ECONOMIA SOLID\u00c1RIA QUE COMERCIALIZAM SEUS PRODUTOS NA CENTRAL DE COMERCIALIZA\u00c7\u00c3O DE ECONOMIA SOLID\u00c1RIA DE MATO GROSSO DO SUL &#8211; CCES\/MS: IMPACTO NA PRODUTIVIDADE E SATISFA\u00c7\u00c3O DOS TRABALHADORES<\/h4>\n<p><strong>Autora:<\/strong> Rafaela Castoldi dos Santos PERETTI<\/p>\n<p><strong>Orientador:<\/strong> <a href=\"https:\/\/lattes.cnpq.br\/4003358515033477\" target=\"_blank\">Dr. Jos\u00e9 Aparecido Moura ARANHA<\/a><\/p>\n<p>      <a class=\"btn btn-primary\" href=\"https:\/\/drive.google.com\/file\/d\/1Z5w9h1m8Tt52tHnn95wemuhlbuhHI-_K\/view?usp=sharing\" target=\"_blank\">Ver Resumo<\/a>\n    <\/div>\n<\/p><\/div>\n<div class=\"panel panel-default\">\n<div class=\"panel-body\">\n<h4>T\u00edtulo: PERCEP\u00c7\u00c3O DA CULTURA ORGANIZACIONAL NA ASSOCIA\u00c7\u00c3O DE PEQUENOS PRODUTORES RURAIS DE FURNAS DO DION\u00cdSIO<\/h4>\n<p><strong>Autor:<\/strong> Ricardo Marques dos Santos<\/p>\n<p><strong>Orientadora:<\/strong> <a href=\"https:\/\/lattes.cnpq.br\/6286541921476548\" target=\"_blank\">Dra. Luciane Cristina CARVALHO<\/a><\/p>\n<p>      <a class=\"btn btn-primary\" href=\"https:\/\/drive.google.com\/file\/d\/1cK3YGnpwbSwKkjSqpxzprDmb_sDiTUCs\/view?usp=sharing\" target=\"_blank\">Ver Resumo<\/a>\n    <\/div>\n<\/p><\/div>\n<div class=\"panel panel-default\">\n<div class=\"panel-body\">\n<h4>T\u00edtulo: AGRICULTURA FAMILIAR E DESENVOLVIMENTO: UM ESTUDO SOBRE A COMERCIALIZA\u00c7\u00c3O NO ASSENTAMENTO SANTA LUCIA DE BONITO-MS<\/h4>\n<p><strong>Autora:<\/strong> Rosivete Sanches da SILVEIRA<\/p>\n<p><strong>Orientador:<\/strong> <a href=\"https:\/\/lattes.cnpq.br\/9432895074645169\" target=\"_blank\">Dr. Geraldino Carneiro de ARA\u00daJO<\/a><\/p>\n<p>      <a class=\"btn btn-primary\" href=\"https:\/\/drive.google.com\/file\/d\/1Y7Rl8wlI5O_kOV0dpQG2KglhE822cxQE\/view?usp=sharing\" target=\"_blank\">Ver Resumo<\/a>\n    <\/div>\n<\/p><\/div>\n<div class=\"panel panel-default\">\n<div class=\"panel-body\">\n<h4>T\u00edtulo: FOMENTO \u00c0 AGRICULTURA FAMILIAR EM S\u00c3O GABRIEL DO OESTE: PARCERIAS E PERSPECTIVAS PARA O DESENVOLVIMENTO LOCAL<\/h4>\n<p><strong>Autora:<\/strong> Samara Debora Trindade<\/p>\n<p><strong>Orientador:<\/strong> <a href=\"https:\/\/lattes.cnpq.br\/1113479347390844\" target=\"_blank\">Dr. Marcelo Ribeiro SILVA<\/a><\/p>\n<p>      <a class=\"btn btn-primary\" href=\"https:\/\/drive.google.com\/file\/d\/1u-mjwQyfC-FkexjFPnrJMB4FUjVx2Tnb\/view?usp=sharing\" target=\"_blank\">Ver Resumo<\/a>\n    <\/div>\n<\/p><\/div>\n<div class=\"panel panel-default\">\n<div class=\"panel-body\">\n<h4>T\u00edtulo: EDUCA\u00c7\u00c3O FINANCEIRA NA ECONOMIA SOLIDARIA<\/h4>\n<p><strong>Autora:<\/strong> Thailise Antero de OLIVEIRA<\/p>\n<p><strong>Orientador:<\/strong> <a href=\"https:\/\/lattes.cnpq.br\/4003358515033477\" target=\"_blank\">Dr. Jos\u00e9 Aparecido Moura ARANHA<\/a><\/p>\n<p>      <a class=\"btn btn-primary\" href=\"https:\/\/drive.google.com\/file\/d\/1THDnkDoRBhFEyQmZZFAZbK-RGcW07_yB\/view?usp=sharing\" target=\"_blank\">Ver Resumo<\/a>\n    <\/div>\n<\/p><\/div>\n<div class=\"panel panel-default\">\n<div class=\"panel-body\">\n<h4>T\u00edtulo: AGRICULTURA URBANA, COOPERATIVISMO E GERA\u00c7\u00c3O DE TRABALHO E RENDA: OS DESAFIOS E POSSIBILIDADES DA COMERCIALIZA\u00c7\u00c3O DA COOPERATIVA DE AGRICULTURA URBANA DE CAMPO GRANDE<\/h4>\n<p><strong>Autor:<\/strong> Thiago Faria RODRIGUES<\/p>\n<p><strong>Orientador:<\/strong> <a href=\"https:\/\/lattes.cnpq.br\/9432895074645169\" target=\"_blank\">Dr. Geraldino Carneiro de ARA\u00daJO<\/a><\/p>\n<p>      <a class=\"btn btn-primary\" href=\"https:\/\/drive.google.com\/file\/d\/1L4KX0SxVf4h2NSD3Z2EmFVnNUXXkanCq\/view?usp=sharing\" target=\"_blank\">Ver Resumo<\/a>\n    <\/div>\n<\/p><\/div>\n<div class=\"panel panel-default\">\n<div class=\"panel-body\">\n<h4>T\u00edtulo: AGRICULTURA FAMILIAR: DESAFIOS E POSSIBILIDADES NA OFERTA DA SEGURAN\u00c7A ALIMENTAR E NUTRICIONAL EM CAMPO GRANDE\/MS NO P\u00d3S COVID-19<\/h4>\n<p><strong>Autora:<\/strong> Veralice Carneiro LIMA<\/p>\n<p><strong>Orientador:<\/strong> <a href=\"https:\/\/lattes.cnpq.br\/4003358515033477\" target=\"_blank\">Dr. Jos\u00e9 Aparecido Moura ARANHA<\/a><\/p>\n<p>      <a class=\"btn btn-primary\" href=\"https:\/\/drive.google.com\/file\/d\/13DQzsFQKRW0RMbYX5Lx_-4gp5sAw2o2w\/view?usp=sharing\" target=\"_blank\">Ver Resumo<\/a>\n    <\/div>\n<\/p><\/div>\n<style>\n.panel {\n  border: 1px solid #ddd;\n  border-radius: 5px;\n  box-shadow: 0 2px 4px rgba(0,0,0,0.05);\n  margin-bottom: 20px;\n  transition: box-shadow 0.3s ease;\n}\n.panel:hover {\n  box-shadow: 0 4px 10px rgba(0,0,0,0.1);\n}\n.panel-body {\n  padding: 20px;\n  background-color: #fafafa;\n}\n.panel h4 {\n  margin-top: 0;\n  color: #333;\n  font-weight: bold;\n}\n.panel p {\n  margin: 10px 0;\n  color: #555;\n}\n.panel .collapse {\n  margin-top: 15px;\n  padding: 10px 15px;\n  background-color: #f0f8ff;\n  border-left: 3px solid #337ab7;\n  border-radius: 4px;\n  color: #333;\n  font-style: italic;\n}\n<\/style>\n","protected":false},"excerpt":{"rendered":"<p>T\u00edtulo: GOVERNAN\u00c7A E DEMOCRACIA PARTICIPATIVA NA ASSOCIA\u00c7\u00c3O DO ASSENTAMENTO SANTA MARINA EM BELA VISTA Autora: Adrieli Gauna MIRANDA Orientadora: Dra. Luciane Cristina Carvalho Ver Resumo T\u00edtulo: REVITALIZA\u00c7\u00c3O DA CENTRAL DE COMERCIALIZA\u00c7\u00c3O DE ECONOMIA SOLID\u00c1RIA DE MATO GROSSO DO SUL Autor: Alan Coelho Catharineli de OLIVEIRA Orientador: Dr. Geraldino Carneiro de ARA\u00daJO Ver Resumo T\u00edtulo: O [&hellip;]<\/p>\n","protected":false},"author":1087,"featured_media":0,"parent":42,"menu_order":0,"comment_status":"closed","ping_status":"closed","template":"","meta":{"ngg_post_thumbnail":0,"footnotes":""},"coauthors":[30],"class_list":["post-1249","page","type-page","status-publish","hentry"],"_links":{"self":[{"href":"https:\/\/obcoop.ufms.br\/en\/wp-json\/wp\/v2\/pages\/1249","targetHints":{"allow":["GET"]}}],"collection":[{"href":"https:\/\/obcoop.ufms.br\/en\/wp-json\/wp\/v2\/pages"}],"about":[{"href":"https:\/\/obcoop.ufms.br\/en\/wp-json\/wp\/v2\/types\/page"}],"author":[{"embeddable":true,"href":"https:\/\/obcoop.ufms.br\/en\/wp-json\/wp\/v2\/users\/1087"}],"replies":[{"embeddable":true,"href":"https:\/\/obcoop.ufms.br\/en\/wp-json\/wp\/v2\/comments?post=1249"}],"version-history":[{"count":12,"href":"https:\/\/obcoop.ufms.br\/en\/wp-json\/wp\/v2\/pages\/1249\/revisions"}],"predecessor-version":[{"id":2111,"href":"https:\/\/obcoop.ufms.br\/en\/wp-json\/wp\/v2\/pages\/1249\/revisions\/2111"}],"up":[{"embeddable":true,"href":"https:\/\/obcoop.ufms.br\/en\/wp-json\/wp\/v2\/pages\/42"}],"wp:attachment":[{"href":"https:\/\/obcoop.ufms.br\/en\/wp-json\/wp\/v2\/media?parent=1249"}],"wp:term":[{"taxonomy":"author","embeddable":true,"href":"https:\/\/obcoop.ufms.br\/en\/wp-json\/wp\/v2\/coauthors?post=1249"}],"curies":[{"name":"wp","href":"https:\/\/api.w.org\/{rel}","templated":true}]}}