{"id":1251,"date":"2024-07-15T16:43:18","date_gmt":"2024-07-15T20:43:18","guid":{"rendered":"https:\/\/obcoop.ufms.br\/?page_id=1251"},"modified":"2025-04-11T07:00:23","modified_gmt":"2025-04-11T11:00:23","slug":"artigo-cientifico-sobre-o-uso-dos-alter-no-desenvolvimento-da-economia-solidaria-do-ms","status":"publish","type":"page","link":"https:\/\/obcoop.ufms.br\/en\/proalter\/artigo-cientifico-sobre-o-uso-dos-alter-no-desenvolvimento-da-economia-solidaria-do-ms\/","title":{"rendered":"Artigo cient\u00edfico sobre o uso dos ALTER no desenvolvimento da Economia Solid\u00e1ria do MS"},"content":{"rendered":"<p class=\"text-justify\">A equipe do Obcoop elaborou dois artigos cient\u00edficos (que podem ser acessados em: <a href=\"https:\/\/obcoop.ufms.br\/painel\/\" target=\"_blank\" rel=\"noopener\">www.obcoop.ufms.br\/painel\/<\/a>).<\/p>\n<p class=\"text-justify\">O primeiro artigo tratou da <b> constru\u00e7\u00e3o da economia solid\u00e1ria no Brasil &#8211; de movimento social a pol\u00edtica nacional<\/b>, de autoria de Geraldino Carneiro de Ara\u00fajo; Alessandro Gustavo Souza Arruda e Leonardo de Oliveira Dresch. O objetivo deste ensaio te\u00f3rico foi de apresentar a constru\u00e7\u00e3o da economia solid\u00e1ria, de movimento social a pol\u00edtica nacional.<\/p>\n<p class=\"text-justify\">O segundo artigo trata dos <b> resultados e perspectivas do Observat\u00f3rio do Cooperativismo da Universidade Federal de Mato Grosso do Sul (Obcoop\/UFMS)<\/b>, de autoria de Geraldino Carneiro de Ara\u00fajo; Alessandro Gustavo Souza Arruda e Leonardo de Oliveira Dresch. O artigo teve como objetivo organizar e estruturar os resultados obtidos pelo Obcoop\/UFMS, bem como discutir perspectivas futuras. Em pouco tempo de exist\u00eancia, o Observat\u00f3rio estabeleceu conv\u00eanios com a OCB MS, Sidagro e Sebrae e mapeou cooperativas e empreendimentos econ\u00f4micos solid\u00e1rios (EES) formalizados. Al\u00e9m disso, qualificou servidores p\u00fablicos por meio do Programa de Especializa\u00e7\u00e3o de Agentes Locais de Trabalho, Emprego e Renda (ProAlter) e desenvolveu dois aplicativos: um para coleta de dados e outro como plataforma de comercializa\u00e7\u00e3o, entre outras iniciativas. Apesar dos avan\u00e7os, o tamanho do estado e a falta de integra\u00e7\u00e3o entre os diversos agentes envolvidos permanecem como grandes desafios para a consolida\u00e7\u00e3o da economia solid\u00e1ria em MS.<\/p>\n","protected":false},"excerpt":{"rendered":"<p>A equipe do Obcoop elaborou dois artigos cient\u00edficos (que podem ser acessados em: www.obcoop.ufms.br\/painel\/). O primeiro artigo tratou da constru\u00e7\u00e3o da economia solid\u00e1ria no Brasil &#8211; de movimento social a pol\u00edtica nacional, de autoria de Geraldino Carneiro de Ara\u00fajo; Alessandro Gustavo Souza Arruda e Leonardo de Oliveira Dresch. O objetivo deste ensaio te\u00f3rico foi de [&hellip;]<\/p>\n","protected":false},"author":1087,"featured_media":0,"parent":42,"menu_order":0,"comment_status":"closed","ping_status":"closed","template":"","meta":{"ngg_post_thumbnail":0,"footnotes":""},"coauthors":[],"class_list":["post-1251","page","type-page","status-publish","hentry"],"_links":{"self":[{"href":"https:\/\/obcoop.ufms.br\/en\/wp-json\/wp\/v2\/pages\/1251","targetHints":{"allow":["GET"]}}],"collection":[{"href":"https:\/\/obcoop.ufms.br\/en\/wp-json\/wp\/v2\/pages"}],"about":[{"href":"https:\/\/obcoop.ufms.br\/en\/wp-json\/wp\/v2\/types\/page"}],"author":[{"embeddable":true,"href":"https:\/\/obcoop.ufms.br\/en\/wp-json\/wp\/v2\/users\/1087"}],"replies":[{"embeddable":true,"href":"https:\/\/obcoop.ufms.br\/en\/wp-json\/wp\/v2\/comments?post=1251"}],"version-history":[{"count":3,"href":"https:\/\/obcoop.ufms.br\/en\/wp-json\/wp\/v2\/pages\/1251\/revisions"}],"predecessor-version":[{"id":1883,"href":"https:\/\/obcoop.ufms.br\/en\/wp-json\/wp\/v2\/pages\/1251\/revisions\/1883"}],"up":[{"embeddable":true,"href":"https:\/\/obcoop.ufms.br\/en\/wp-json\/wp\/v2\/pages\/42"}],"wp:attachment":[{"href":"https:\/\/obcoop.ufms.br\/en\/wp-json\/wp\/v2\/media?parent=1251"}],"wp:term":[{"taxonomy":"author","embeddable":true,"href":"https:\/\/obcoop.ufms.br\/en\/wp-json\/wp\/v2\/coauthors?post=1251"}],"curies":[{"name":"wp","href":"https:\/\/api.w.org\/{rel}","templated":true}]}}