{"id":1258,"date":"2024-07-15T16:49:09","date_gmt":"2024-07-15T20:49:09","guid":{"rendered":"https:\/\/obcoop.ufms.br\/?page_id=1258"},"modified":"2025-03-10T19:57:43","modified_gmt":"2025-03-10T23:57:43","slug":"projeto-pedagogico-do-programa-de-especializacao-de-agentes-locais-de-trabalho-emprego-e-renda-proalter","status":"publish","type":"page","link":"https:\/\/obcoop.ufms.br\/en\/proalter\/projeto-pedagogico-do-programa-de-especializacao-de-agentes-locais-de-trabalho-emprego-e-renda-proalter\/","title":{"rendered":"Projeto Pedag\u00f3gico do Programa de Especializa\u00e7\u00e3o de Agentes Locais de Trabalho, Emprego e Renda- PROALTER"},"content":{"rendered":"<a href=\"https:\/\/obcoop.ufms.br\/files\/2024\/07\/PROJETO_PEDAGOGICO_DE_CURSO___PROALTER_atualizado.pdf\" class=\"pdfemb-viewer\" style=\"\" data-width=\"max\" data-height=\"max\" data-toolbar=\"bottom\" data-toolbar-fixed=\"off\">PROJETO_PEDAGOGICO_DE_CURSO___PROALTER_atualizado<\/a>\n<a href=\"https:\/\/boletimoficial.ufms.br\/bse\/publicacao?id=467886\">Ver autoriza\u00e7\u00e3o no Boletim Oficial<\/a> <a class=\"pull-right\" href=\"https:\/\/obcoop.ufms.br\/files\/2024\/07\/PROJETO_PEDAGOGICO_DE_CURSO___PROALTER_atualizado.pdf\">baixar pdf<\/a><\/p>\n","protected":false},"excerpt":{"rendered":"<p>Ver autoriza\u00e7\u00e3o no Boletim Oficial baixar pdf<\/p>\n","protected":false},"author":1087,"featured_media":0,"parent":42,"menu_order":0,"comment_status":"closed","ping_status":"closed","template":"","meta":{"ngg_post_thumbnail":0,"footnotes":""},"coauthors":[],"class_list":["post-1258","page","type-page","status-publish","hentry"],"_links":{"self":[{"href":"https:\/\/obcoop.ufms.br\/en\/wp-json\/wp\/v2\/pages\/1258","targetHints":{"allow":["GET"]}}],"collection":[{"href":"https:\/\/obcoop.ufms.br\/en\/wp-json\/wp\/v2\/pages"}],"about":[{"href":"https:\/\/obcoop.ufms.br\/en\/wp-json\/wp\/v2\/types\/page"}],"author":[{"embeddable":true,"href":"https:\/\/obcoop.ufms.br\/en\/wp-json\/wp\/v2\/users\/1087"}],"replies":[{"embeddable":true,"href":"https:\/\/obcoop.ufms.br\/en\/wp-json\/wp\/v2\/comments?post=1258"}],"version-history":[{"count":3,"href":"https:\/\/obcoop.ufms.br\/en\/wp-json\/wp\/v2\/pages\/1258\/revisions"}],"predecessor-version":[{"id":1262,"href":"https:\/\/obcoop.ufms.br\/en\/wp-json\/wp\/v2\/pages\/1258\/revisions\/1262"}],"up":[{"embeddable":true,"href":"https:\/\/obcoop.ufms.br\/en\/wp-json\/wp\/v2\/pages\/42"}],"wp:attachment":[{"href":"https:\/\/obcoop.ufms.br\/en\/wp-json\/wp\/v2\/media?parent=1258"}],"wp:term":[{"taxonomy":"author","embeddable":true,"href":"https:\/\/obcoop.ufms.br\/en\/wp-json\/wp\/v2\/coauthors?post=1258"}],"curies":[{"name":"wp","href":"https:\/\/api.w.org\/{rel}","templated":true}]}}