{"id":1263,"date":"2024-07-15T16:57:41","date_gmt":"2024-07-15T20:57:41","guid":{"rendered":"https:\/\/obcoop.ufms.br\/?page_id=1263"},"modified":"2025-03-10T19:56:34","modified_gmt":"2025-03-10T23:56:34","slug":"perfil-profissional-do-egresso-do-proalter","status":"publish","type":"page","link":"https:\/\/obcoop.ufms.br\/en\/proalter\/perfil-profissional-do-egresso-do-proalter\/","title":{"rendered":"Perfil Profissional do Egresso do PROALTER"},"content":{"rendered":"<p class=\"text-justify\">Para determina\u00e7\u00e3o do perfil do egresso, convencionou-se, a princ\u00edpio, uma vis\u00e3o desej\u00e1vel baseada em atitudes. Portanto, espera-se que estes estudantes sejam proativos; comprometidos; tenham atitudes respons\u00e1veis e pautem por decis\u00f5es pessoais e profissionais reguladas pela \u00e9tica, moralidade e legalidade; promovam a capacidade de lideran\u00e7a, a comunica\u00e7\u00e3o efetiva, assertiva e interpessoal; reconhe\u00e7a as diferen\u00e7as entre as pessoas e valorize a diversidade organizacional; resolva problemas por meio dial\u00f3gico; seja criativo e flex\u00edvel face \u00e0s constantes transforma\u00e7\u00f5es sociais e organizacionais. De forma complementar, o egresso deve ser apto \u00e0:<\/p>\n<p>a. Compreender a import\u00e2ncia do cooperativismo e associativismo no processo de desenvolvimento econ\u00f4mico, na sustentabilidade e cultura das comunidades;<br \/>\nb. Planejar, organizar e estruturar cooperativas e associa\u00e7\u00f5es produtivas da agricultura familiar;<br \/>\nc. Realizar a\u00e7\u00f5es estrat\u00e9gicas de desenvolvimento da governan\u00e7a na gest\u00e3o de cooperativas;<br \/>\nd. Estimular e apoiar o fomento ao cooperativismo;<br \/>\ne. Promover a educa\u00e7\u00e3o cooperativista;<br \/>\nf. Instruir no planejamento financeiro para neg\u00f3cios baseados em economia solid\u00e1ria;<br \/>\ng. Identificar modelos de gest\u00e3o cooperativista;<br \/>\nh. Estimular a produ\u00e7\u00e3o de micro e pequenas propriedades como forma de gera\u00e7\u00e3o de trabalho e renda;<br \/>\ni. Realizar atividades de planejamento, opera\u00e7\u00e3o, controle e avalia\u00e7\u00e3o dos processos organizacionais de cooperativas e associa\u00e7\u00f5es.<br \/>\nj. Promover debates e campanhas a popula\u00e7\u00e3o com a finalidade de conscientizar sobre o papel do cooperativismo e da economia solid\u00e1ria.<\/p>\n","protected":false},"excerpt":{"rendered":"<p>Para determina\u00e7\u00e3o do perfil do egresso, convencionou-se, a princ\u00edpio, uma vis\u00e3o desej\u00e1vel baseada em atitudes. Portanto, espera-se que estes estudantes sejam proativos; comprometidos; tenham atitudes respons\u00e1veis e pautem por decis\u00f5es pessoais e profissionais reguladas pela \u00e9tica, moralidade e legalidade; promovam a capacidade de lideran\u00e7a, a comunica\u00e7\u00e3o efetiva, assertiva e interpessoal; reconhe\u00e7a as diferen\u00e7as entre as [&hellip;]<\/p>\n","protected":false},"author":1087,"featured_media":0,"parent":42,"menu_order":0,"comment_status":"closed","ping_status":"closed","template":"","meta":{"ngg_post_thumbnail":0,"footnotes":""},"coauthors":[],"class_list":["post-1263","page","type-page","status-publish","hentry"],"_links":{"self":[{"href":"https:\/\/obcoop.ufms.br\/en\/wp-json\/wp\/v2\/pages\/1263","targetHints":{"allow":["GET"]}}],"collection":[{"href":"https:\/\/obcoop.ufms.br\/en\/wp-json\/wp\/v2\/pages"}],"about":[{"href":"https:\/\/obcoop.ufms.br\/en\/wp-json\/wp\/v2\/types\/page"}],"author":[{"embeddable":true,"href":"https:\/\/obcoop.ufms.br\/en\/wp-json\/wp\/v2\/users\/1087"}],"replies":[{"embeddable":true,"href":"https:\/\/obcoop.ufms.br\/en\/wp-json\/wp\/v2\/comments?post=1263"}],"version-history":[{"count":2,"href":"https:\/\/obcoop.ufms.br\/en\/wp-json\/wp\/v2\/pages\/1263\/revisions"}],"predecessor-version":[{"id":1265,"href":"https:\/\/obcoop.ufms.br\/en\/wp-json\/wp\/v2\/pages\/1263\/revisions\/1265"}],"up":[{"embeddable":true,"href":"https:\/\/obcoop.ufms.br\/en\/wp-json\/wp\/v2\/pages\/42"}],"wp:attachment":[{"href":"https:\/\/obcoop.ufms.br\/en\/wp-json\/wp\/v2\/media?parent=1263"}],"wp:term":[{"taxonomy":"author","embeddable":true,"href":"https:\/\/obcoop.ufms.br\/en\/wp-json\/wp\/v2\/coauthors?post=1263"}],"curies":[{"name":"wp","href":"https:\/\/api.w.org\/{rel}","templated":true}]}}