{"id":1280,"date":"2024-07-16T11:30:18","date_gmt":"2024-07-16T15:30:18","guid":{"rendered":"https:\/\/obcoop.ufms.br\/?page_id=1280"},"modified":"2025-06-17T15:57:02","modified_gmt":"2025-06-17T19:57:02","slug":"relatorio-de-evolucao-antes-e-depois-dos-alter","status":"publish","type":"page","link":"https:\/\/obcoop.ufms.br\/en\/proalter\/relatorio-de-evolucao-antes-e-depois-dos-alter\/","title":{"rendered":"Relat\u00f3rio de evolu\u00e7\u00e3o antes e depois dos ALTER"},"content":{"rendered":"<p><a href=\"https:\/\/obcoop.ufms.br\/files\/2024\/09\/relatorio-ex-ante-v2.2_final.pdf\">Salvar\/imprimir arquivo<\/a><br \/>\n<a href=\"https:\/\/obcoop.ufms.br\/files\/2024\/09\/relatorio-ex-ante-v2.2_final.pdf\" class=\"pdfemb-viewer\" style=\"\" data-width=\"max\" data-height=\"max\" data-toolbar=\"bottom\" data-toolbar-fixed=\"off\">relatorio-ex-ante-v2.2_final<\/a>\n<a href=\"https:\/\/obcoop.ufms.br\/files\/2024\/09\/relatorio-ex-ante-v2.2_final.pdf\">Salvar\/imprimir arquivo<\/a><\/p>\n<p class=\"text-justify\">A an\u00e1lise da economia solid\u00e1ria em Mato Grosso do Sul evidencia um cen\u00e1rio promissor, no entanto, a descontinuidade de pol\u00edticas p\u00fablicas nacionais ressaltam a necessidade de a\u00e7\u00f5es mais estruturadas e integradas. A descontinuidade de pol\u00edticas p\u00fablicas prejudica a\u00e7\u00f5es voltadas \u00e0 economia solid\u00e1ria, causando instabilidade e comprometendo o desenvolvimento sustent\u00e1vel do setor.<\/p>\n<p class=\"text-justify\">Para impulsionar a economia solid\u00e1ria no estado, \u00e9 crucial investir em coleta de dados sistematizada, que permita um conhecimento mais aprofundado do universo da economia solid\u00e1ria em MS. A cria\u00e7\u00e3o de um sistema de informa\u00e7\u00f5es abrangente e atualizado possibilitar\u00e1 a identifica\u00e7\u00e3o de gargalos, o monitoramento de resultados e a formula\u00e7\u00e3o de pol\u00edticas p\u00fablicas mais eficazes.  Neste sentido o OBCOOP desenvolveu dois aplicativos e a gera\u00e7\u00e3o de informa\u00e7\u00f5es.<\/p>\n<p class=\"text-justify\">O aplicativo OBCOOP Coleta <a href=\"\/\/obcoop.ufms.br\/obcoop-coleta\">obcoop.ufms.br\/obcoop-coleta<\/a> coleta e gera informa\u00e7\u00f5es (dados prim\u00e1rios) que s\u00e3o organizados e compartilhadas no item OBCOOP Coleta \/ Produtores e Empreendimentos de Economia Solid\u00e1ria <a href=\"\/\/lookerstudio.google.com\/reporting\/9ef1fc6b-1889-472f-96c8-08dc131f19a5\/page\/FSGAF\" target=\"_blank\" style=\"color:#0088b7;font-weight:bolder\" rel=\"noopener\">acesso p\u00fablico <i class=\"fa fa-external-link\"><\/i><\/a> e <a href=\"\/\/lookerstudio.google.com\/reporting\/05bc5f3d-f989-4a54-8a7e-a2c6ae4ecc9b\/page\/FSGAF\" target=\"_blank\" style=\"color:#0088b7;font-weight:bolder\" rel=\"noopener\"><i class=\"fa fa-lock\" style=\"color:#AA1\"><\/i> acesso administrativo <i class=\"fa fa-external-link\"><\/i><\/a><\/p>\n<p class=\"text-justify\">E ainda, o aplicativo Mercado Solid\u00e1rio <a href=\"\/\/obcoop.ufms.br\/obcoop-solidario\/\">obcoop.ufms.br\/obcoop-solidario<\/a>, aplicativo tamb\u00e9m desenvolvido pelo OBCOOP, gera informa\u00e7\u00f5es no item Estat\u00edstica do Mercado Solid\u00e1rio <a href=\"\/\/lookerstudio.google.com\/reporting\/13396437-a500-40a1-949a-1fd80451d446\/page\/p_qykta38sld?s=vsFZpX1bXMU\" target=\"_blank\" style=\"color:#0088b7;font-weight:bolder\" rel=\"noopener\"><i class=\"fa fa-lock\" style=\"color:#AA1\"><\/i> acesso  administrativo de informa\u00e7\u00f5es sociodemogr\u00e1ficas <i class=\"fa fa-external-link\"><\/i><\/a>e <a href=\"\/\/lookerstudio.google.com\/reporting\/13396437-a500-40a1-949a-1fd80451d446\/page\/vkVDE?s=hNOdJk8n-ls\" target=\"_blank\" style=\"color:#0088b7;font-weight:bolder\" rel=\"noopener\"><i class=\"fa fa-lock\" style=\"color:#AA1\"><\/i> acesso  administrativo de uso <i class=\"fa fa-external-link\"><\/i><\/a><\/p>\n<p class=\"text-justify\">No site do OBCOOP \u00e9 poss\u00edvel acessar Pain\u00e9is de Indicadores <a href=\"\/\/obcoop.ufms.br\/painel\/\">obcoop.ufms.br\/painel<\/a> com informa\u00e7\u00f5es p\u00fablicas sobre a evolu\u00e7\u00e3o do Projeto de Conv\u00eanio FUNTRAB-PRODES, Cooperativas em MS e Estudantes PROALTER; Pain\u00e9is Gerenciais do OBCOOP (com acesso restrito) sobre Projetos UFMS\/T\u00e1tico Conv\u00eanio FUNTRAB-PRODES e a Gest\u00e3o Financeira Conv\u00eanio FUNTRAB-PRODES.<\/p>\n<p class=\"text-justify\">Todos estes pain\u00e9is foram criados para apresentar um relat\u00f3rio on-line, em tempo real, das a\u00e7\u00f5es desenvolvidas por meio deste conv\u00eanio. Diante disto, a Meta 1 tem um site com as informa\u00e7\u00f5es do OBCOOP\/UFMS (entregue e atualiz\u00e1vel); um grupo e um projeto de pesquisa (aprovados e em andamento) e apresentar\u00e1 produtos cient\u00edficos para leitura e reflex\u00e3o (em desenvolvimento); um relat\u00f3rio com os dados coletados em outras bases (em desenvolvimento); e, um painel com os dados prim\u00e1rios coletados pelos aplicativos desenvolvidos (em andamento). Todas essas a\u00e7\u00f5es poder\u00e3o subsidiar pol\u00edticas p\u00fablicas de trabalho e renda da FUNTRAB que s\u00e3o citadas no Estatuto.<\/p>\n","protected":false},"excerpt":{"rendered":"<p>Salvar\/imprimir arquivo Salvar\/imprimir arquivo A an\u00e1lise da economia solid\u00e1ria em Mato Grosso do Sul evidencia um cen\u00e1rio promissor, no entanto, a descontinuidade de pol\u00edticas p\u00fablicas nacionais ressaltam a necessidade de a\u00e7\u00f5es mais estruturadas e integradas. A descontinuidade de pol\u00edticas p\u00fablicas prejudica a\u00e7\u00f5es voltadas \u00e0 economia solid\u00e1ria, causando instabilidade e comprometendo o desenvolvimento sustent\u00e1vel do setor. [&hellip;]<\/p>\n","protected":false},"author":1087,"featured_media":0,"parent":42,"menu_order":0,"comment_status":"closed","ping_status":"closed","template":"page-templates\/full-width.php","meta":{"ngg_post_thumbnail":0,"footnotes":""},"coauthors":[30],"class_list":["post-1280","page","type-page","status-publish","hentry"],"_links":{"self":[{"href":"https:\/\/obcoop.ufms.br\/en\/wp-json\/wp\/v2\/pages\/1280","targetHints":{"allow":["GET"]}}],"collection":[{"href":"https:\/\/obcoop.ufms.br\/en\/wp-json\/wp\/v2\/pages"}],"about":[{"href":"https:\/\/obcoop.ufms.br\/en\/wp-json\/wp\/v2\/types\/page"}],"author":[{"embeddable":true,"href":"https:\/\/obcoop.ufms.br\/en\/wp-json\/wp\/v2\/users\/1087"}],"replies":[{"embeddable":true,"href":"https:\/\/obcoop.ufms.br\/en\/wp-json\/wp\/v2\/comments?post=1280"}],"version-history":[{"count":6,"href":"https:\/\/obcoop.ufms.br\/en\/wp-json\/wp\/v2\/pages\/1280\/revisions"}],"predecessor-version":[{"id":2167,"href":"https:\/\/obcoop.ufms.br\/en\/wp-json\/wp\/v2\/pages\/1280\/revisions\/2167"}],"up":[{"embeddable":true,"href":"https:\/\/obcoop.ufms.br\/en\/wp-json\/wp\/v2\/pages\/42"}],"wp:attachment":[{"href":"https:\/\/obcoop.ufms.br\/en\/wp-json\/wp\/v2\/media?parent=1280"}],"wp:term":[{"taxonomy":"author","embeddable":true,"href":"https:\/\/obcoop.ufms.br\/en\/wp-json\/wp\/v2\/coauthors?post=1280"}],"curies":[{"name":"wp","href":"https:\/\/api.w.org\/{rel}","templated":true}]}}