{"id":297,"date":"2022-08-07T14:50:32","date_gmt":"2022-08-07T18:50:32","guid":{"rendered":"https:\/\/obcoop.ufms.br\/?page_id=297"},"modified":"2022-08-17T12:51:13","modified_gmt":"2022-08-17T16:51:13","slug":"docentes-proalter","status":"publish","type":"page","link":"https:\/\/obcoop.ufms.br\/en\/proalter\/docentes-proalter\/","title":{"rendered":"Docentes &#8211; PROALTER"},"content":{"rendered":"<div class=\"panel-group\" id=\"custom-collapse-0\">\n<div class=\"panel panel-default\">\n\t\t\t\t<div class=\"panel-heading\">\n\t\t\t\t\t<h4 class=\"panel-title\">\n\t\t\t\t\t\t<a class=\"collapsed\" data-toggle=\"collapse\" data-parent=\"#custom-collapse-0\" href=\"#custom-collapse-0-0\">Adriane Ang\u00e9lica Farias Santos Lopes de Queiroz<\/a>\n\t\t\t\t\t<\/h4>\n\t\t\t\t<\/div>\n\t\t\t\t<div id=\"custom-collapse-0-0\" class=\"panel-collapse collapse\">\n\t\t\t\t\t<div class=\"panel-body\">\n<p><strong>Disciplina:<\/strong> <a href=\"https:\/\/obcoop.ufms.br\/files\/2022\/08\/Planejamento-Estrategico-em-Organizacoes-Sociais.pdf\" target=\"_blank\" rel=\"noopener\">Planejamento Estrat\u00e9gico em Organiza\u00e7\u00f5es Sociais<\/a><\/p>\n<p><strong>E-mail:<\/strong> adriane.queiroz@ufms.br<\/p>\n<p><strong>Lattes:<\/strong> <a href=\"http:\/\/lattes.cnpq.br\/5714018567909446\" target=\"_blank\" rel=\"noopener\">http:\/\/lattes.cnpq.br\/5714018567909446<\/a><\/p>\n<\/div>\n\t\t\t\t<\/div>\n\t\t\t<\/div>\n<div class=\"panel panel-default\">\n\t\t\t\t<div class=\"panel-heading\">\n\t\t\t\t\t<h4 class=\"panel-title\">\n\t\t\t\t\t\t<a class=\"collapsed\" data-toggle=\"collapse\" data-parent=\"#custom-collapse-0\" href=\"#custom-collapse-0-1\">Adriano Marcos Rodrigues Figueiredo<\/a>\n\t\t\t\t\t<\/h4>\n\t\t\t\t<\/div>\n\t\t\t\t<div id=\"custom-collapse-0-1\" class=\"panel-collapse collapse\">\n\t\t\t\t\t<div class=\"panel-body\">\n<p><strong>Disciplina:<\/strong> <a href=\"https:\/\/obcoop.ufms.br\/files\/2022\/08\/Fundamentos-da-agricultura-familiar-.pdf\" target=\"_blank\" rel=\"noopener\">Fundamentos da agricultura familiar<\/a><\/p>\n<p><strong>E-mail:<\/strong> <span id=\"OBJ_PREFIX_DWT90_ZmEmailObjectHandler\" class=\"Object\">adriano.figueiredo@ufms.br<\/span><\/p>\n<p><strong>Lattes:<\/strong> <a href=\"http:\/\/lattes.cnpq.br\/3815837428657319\" target=\"_blank\" rel=\"noopener\">http:\/\/lattes.cnpq.br\/3815837428657319<\/a><\/p>\n<\/div>\n\t\t\t\t<\/div>\n\t\t\t<\/div>\n<div class=\"panel panel-default\">\n\t\t\t\t<div class=\"panel-heading\">\n\t\t\t\t\t<h4 class=\"panel-title\">\n\t\t\t\t\t\t<a class=\"collapsed\" data-toggle=\"collapse\" data-parent=\"#custom-collapse-0\" href=\"#custom-collapse-0-2\">Geraldino Carneiro de Ara\u00fajo<\/a>\n\t\t\t\t\t<\/h4>\n\t\t\t\t<\/div>\n\t\t\t\t<div id=\"custom-collapse-0-2\" class=\"panel-collapse collapse\">\n\t\t\t\t\t<div class=\"panel-body\">\n<p><strong>Disciplina:<\/strong> <a href=\"https:\/\/obcoop.ufms.br\/files\/2022\/08\/Metodos-e-Tecnicas-de-Pesquisa.pdf\" target=\"_blank\" rel=\"noopener\">M\u00e9todos e T\u00e9cnicas de Pesquisa<\/a><\/p>\n<p><strong>E-mail:<\/strong> geraldino.araujo@ufms.br<\/p>\n<p><strong>Lattes:<\/strong> <a href=\"http:\/\/lattes.cnpq.br\/9432895074645169\" target=\"_blank\" rel=\"noopener\">http:\/\/lattes.cnpq.br\/9432895074645169<\/a><\/p>\n<\/div>\n\t\t\t\t<\/div>\n\t\t\t<\/div>\n<div class=\"panel panel-default\">\n\t\t\t\t<div class=\"panel-heading\">\n\t\t\t\t\t<h4 class=\"panel-title\">\n\t\t\t\t\t\t<a class=\"collapsed\" data-toggle=\"collapse\" data-parent=\"#custom-collapse-0\" href=\"#custom-collapse-0-3\">Jos\u00e9 Aparecido Moura Aranha<\/a>\n\t\t\t\t\t<\/h4>\n\t\t\t\t<\/div>\n\t\t\t\t<div id=\"custom-collapse-0-3\" class=\"panel-collapse collapse\">\n\t\t\t\t\t<div class=\"panel-body\">\n<p><strong>Disciplina:<\/strong> <a href=\"https:\/\/obcoop.ufms.br\/files\/2022\/08\/Planejamento-Financeiro-para-negocios-baseados-em-economia-solidaria.pdf\" target=\"_blank\" rel=\"noopener\">Planejamento Financeiro para neg\u00f3cios baseados em economia solid\u00e1ria<\/a><\/p>\n<p><strong>E-mail:<\/strong> jose.moura@ufms.br<\/p>\n<p><strong>Lattes:<\/strong> <a href=\"http:\/\/lattes.cnpq.br\/4003358515033477\" target=\"_blank\" rel=\"noopener\">http:\/\/lattes.cnpq.br\/4003358515033477<\/a><\/p>\n<\/div>\n\t\t\t\t<\/div>\n\t\t\t<\/div>\n<div class=\"panel panel-default\">\n\t\t\t\t<div class=\"panel-heading\">\n\t\t\t\t\t<h4 class=\"panel-title\">\n\t\t\t\t\t\t<a class=\"collapsed\" data-toggle=\"collapse\" data-parent=\"#custom-collapse-0\" href=\"#custom-collapse-0-4\">Luciane Cristina Carvalho<\/a>\n\t\t\t\t\t<\/h4>\n\t\t\t\t<\/div>\n\t\t\t\t<div id=\"custom-collapse-0-4\" class=\"panel-collapse collapse\">\n\t\t\t\t\t<div class=\"panel-body\">\n<p><strong>Disciplina:<\/strong> <a href=\"https:\/\/obcoop.ufms.br\/files\/2022\/08\/Fundamentos-de-Economia-Solidaria.pdf\" target=\"_blank\" rel=\"noopener\">Fundamentos de Economia Solid\u00e1ria<\/a><\/p>\n<p><strong>E-mail:<\/strong> luciane.carvalho@ufms.br<\/p>\n<p><strong>Lattes:<\/strong> <a href=\"http:\/\/lattes.cnpq.br\/6286541921476548\" target=\"_blank\" rel=\"noopener\">http:\/\/lattes.cnpq.br\/6286541921476548<\/a><\/p>\n<\/div>\n\t\t\t\t<\/div>\n\t\t\t<\/div>\n<div class=\"panel panel-default\">\n\t\t\t\t<div class=\"panel-heading\">\n\t\t\t\t\t<h4 class=\"panel-title\">\n\t\t\t\t\t\t<a class=\"collapsed\" data-toggle=\"collapse\" data-parent=\"#custom-collapse-0\" href=\"#custom-collapse-0-5\">Luis Alejandro Lasso Gutierrez<\/a>\n\t\t\t\t\t<\/h4>\n\t\t\t\t<\/div>\n\t\t\t\t<div id=\"custom-collapse-0-5\" class=\"panel-collapse collapse\">\n\t\t\t\t\t<div class=\"panel-body\">\n<p><strong>Disciplina:<\/strong> <a href=\"https:\/\/obcoop.ufms.br\/files\/2022\/08\/Cooperativismo-associativismo-e-economia-solidaria.pdf\" target=\"_blank\" rel=\"noopener\">Cooperativismo, associativismo e economia solid\u00e1ria<\/a><\/p>\n<p><strong>E-mail:<\/strong> alejandro.lasso@ufms.br<\/p>\n<p><strong>Lattes:<\/strong> <a href=\"http:\/\/lattes.cnpq.br\/4747964359514491\" target=\"_blank\" rel=\"noopener\">http:\/\/lattes.cnpq.br\/4747964359514491<\/a><\/p>\n<\/div>\n\t\t\t\t<\/div>\n\t\t\t<\/div>\n<div class=\"panel panel-default\">\n\t\t\t\t<div class=\"panel-heading\">\n\t\t\t\t\t<h4 class=\"panel-title\">\n\t\t\t\t\t\t<a class=\"collapsed\" data-toggle=\"collapse\" data-parent=\"#custom-collapse-0\" href=\"#custom-collapse-0-6\">Marcelo Ribeiro da Silva<\/a>\n\t\t\t\t\t<\/h4>\n\t\t\t\t<\/div>\n\t\t\t\t<div id=\"custom-collapse-0-6\" class=\"panel-collapse collapse\">\n\t\t\t\t\t<div class=\"panel-body\">\n<p><strong>Disciplinas:<\/strong> <a href=\"https:\/\/obcoop.ufms.br\/files\/2022\/08\/Lideranca-valor-e-cultura.pdf\" target=\"_blank\" rel=\"noopener\">Lideran\u00e7a, valor e cultura<\/a> \/ <a href=\"https:\/\/obcoop.ufms.br\/files\/2022\/08\/Modelos-Contemporaneos-de-Gestao.pdf\" target=\"_blank\" rel=\"noopener\">Modelos Contempor\u00e2neos de Gest\u00e3o<\/a><\/p>\n<p><strong>E-mail:<\/strong> marcelo.ribeiro@ufms.br<\/p>\n<p><strong>Lattes:<\/strong> <a href=\"http:\/\/lattes.cnpq.br\/1113479347390844\" target=\"_blank\" rel=\"noopener\">http:\/\/lattes.cnpq.br\/1113479347390844<\/a><\/p>\n<\/div>\n\t\t\t\t<\/div>\n\t\t\t<\/div>\n<div class=\"panel panel-default\">\n\t\t\t\t<div class=\"panel-heading\">\n\t\t\t\t\t<h4 class=\"panel-title\">\n\t\t\t\t\t\t<a class=\"collapsed\" data-toggle=\"collapse\" data-parent=\"#custom-collapse-0\" href=\"#custom-collapse-0-7\">Rosamaria Cox Moura Leite Padgett<\/a>\n\t\t\t\t\t<\/h4>\n\t\t\t\t<\/div>\n\t\t\t\t<div id=\"custom-collapse-0-7\" class=\"panel-collapse collapse\">\n\t\t\t\t\t<div class=\"panel-body\">\n<p><strong>Disciplina:<\/strong> <a href=\"https:\/\/obcoop.ufms.br\/files\/2022\/08\/Seminarios-Integradores.pdf\" target=\"_blank\" rel=\"noopener\">Semin\u00e1rios Integradores<\/a><\/p>\n<p><strong>E-mail:<\/strong> rosamaria.leite@ufms.br<\/p>\n<p><strong>Lattes:<\/strong> <a href=\"http:\/\/lattes.cnpq.br\/6924179565005850\" target=\"_blank\" rel=\"noopener\">http:\/\/lattes.cnpq.br\/6924179565005850<\/a><\/p>\n<\/div>\n\t\t\t\t<\/div>\n\t\t\t<\/div>\n<div class=\"panel panel-default\">\n\t\t\t\t<div class=\"panel-heading\">\n\t\t\t\t\t<h4 class=\"panel-title\">\n\t\t\t\t\t\t<a class=\"collapsed\" data-toggle=\"collapse\" data-parent=\"#custom-collapse-0\" href=\"#custom-collapse-0-8\">S\u00edlvia Morales de Queiroz Caleman<\/a>\n\t\t\t\t\t<\/h4>\n\t\t\t\t<\/div>\n\t\t\t\t<div id=\"custom-collapse-0-8\" class=\"panel-collapse collapse\">\n\t\t\t\t\t<div class=\"panel-body\">\n<p><strong>Disciplina:<\/strong> <a href=\"https:\/\/obcoop.ufms.br\/files\/2022\/08\/Gestao-de-Cooperativas-e-Governanca.pdf\" target=\"_blank\" rel=\"noopener\">Gest\u00e3o de Cooperativas e Governan\u00e7a<\/a><\/p>\n<p><strong>E-mail:<\/strong> silvia.caleman@ufms.br<\/p>\n<p><strong>Lattes:<\/strong> <a href=\"http:\/\/lattes.cnpq.br\/0777852000128223\" target=\"_blank\" rel=\"noopener\">http:\/\/lattes.cnpq.br\/0777852000128223<\/a><\/p>\n<\/div>\n\t\t\t\t<\/div>\n\t\t\t<\/div>\n<\/div>\n","protected":false},"excerpt":{"rendered":"","protected":false},"author":3579,"featured_media":0,"parent":42,"menu_order":0,"comment_status":"closed","ping_status":"closed","template":"","meta":{"ngg_post_thumbnail":0,"footnotes":""},"coauthors":[],"class_list":["post-297","page","type-page","status-publish","hentry"],"_links":{"self":[{"href":"https:\/\/obcoop.ufms.br\/en\/wp-json\/wp\/v2\/pages\/297","targetHints":{"allow":["GET"]}}],"collection":[{"href":"https:\/\/obcoop.ufms.br\/en\/wp-json\/wp\/v2\/pages"}],"about":[{"href":"https:\/\/obcoop.ufms.br\/en\/wp-json\/wp\/v2\/types\/page"}],"author":[{"embeddable":true,"href":"https:\/\/obcoop.ufms.br\/en\/wp-json\/wp\/v2\/users\/3579"}],"replies":[{"embeddable":true,"href":"https:\/\/obcoop.ufms.br\/en\/wp-json\/wp\/v2\/comments?post=297"}],"version-history":[{"count":10,"href":"https:\/\/obcoop.ufms.br\/en\/wp-json\/wp\/v2\/pages\/297\/revisions"}],"predecessor-version":[{"id":416,"href":"https:\/\/obcoop.ufms.br\/en\/wp-json\/wp\/v2\/pages\/297\/revisions\/416"}],"up":[{"embeddable":true,"href":"https:\/\/obcoop.ufms.br\/en\/wp-json\/wp\/v2\/pages\/42"}],"wp:attachment":[{"href":"https:\/\/obcoop.ufms.br\/en\/wp-json\/wp\/v2\/media?parent=297"}],"wp:term":[{"taxonomy":"author","embeddable":true,"href":"https:\/\/obcoop.ufms.br\/en\/wp-json\/wp\/v2\/coauthors?post=297"}],"curies":[{"name":"wp","href":"https:\/\/api.w.org\/{rel}","templated":true}]}}