{"id":303,"date":"2022-08-07T14:54:46","date_gmt":"2022-08-07T18:54:46","guid":{"rendered":"https:\/\/obcoop.ufms.br\/?page_id=303"},"modified":"2022-08-17T12:51:20","modified_gmt":"2022-08-17T16:51:20","slug":"planos-de-ensino-proalter","status":"publish","type":"page","link":"https:\/\/obcoop.ufms.br\/en\/proalter\/planos-de-ensino-proalter\/","title":{"rendered":"Planos de Ensino &#8211; PROALTER"},"content":{"rendered":"<h3>Eixo 1: Natureza da Economia Solid\u00e1ria<\/h3>\n<ul>\n<li><a href=\"https:\/\/obcoop.ufms.br\/files\/2022\/08\/Fundamentos-de-Economia-Solidaria.pdf\" target=\"_blank\" rel=\"noopener\">Fundamentos de Economia Solid\u00e1ria<\/a><\/li>\n<li><a href=\"https:\/\/obcoop.ufms.br\/files\/2022\/08\/Lideranca-valor-e-cultura.pdf\" target=\"_blank\" rel=\"noopener\">Lideran\u00e7a, valor e cultura<\/a><\/li>\n<li><a href=\"https:\/\/obcoop.ufms.br\/files\/2022\/08\/Cooperativismo-associativismo-e-economia-solidaria.pdf\" target=\"_blank\" rel=\"noopener\">Cooperativismo, associativismo e economia solid\u00e1ria<\/a><\/li>\n<li><a href=\"https:\/\/obcoop.ufms.br\/files\/2022\/08\/Fundamentos-da-agricultura-familiar-.pdf\" target=\"_blank\" rel=\"noopener\">Fundamentos da agricultura familiar<\/a><\/li>\n<\/ul>\n<p>&nbsp;<\/p>\n<h3>Eixo 2: Forma\u00e7\u00e3o de agentes de campo da Economia Solid\u00e1ria<\/h3>\n<ul>\n<li><a href=\"https:\/\/obcoop.ufms.br\/files\/2022\/08\/Modelos-Contemporaneos-de-Gestao.pdf\" target=\"_blank\" rel=\"noopener\">Modelos Contempor\u00e2neos de Gest\u00e3o<\/a><\/li>\n<li><a href=\"https:\/\/obcoop.ufms.br\/files\/2022\/08\/Planejamento-Estrategico-em-Organizacoes-Sociais.pdf\" target=\"_blank\" rel=\"noopener\">Planejamento Estrat\u00e9gico em Organiza\u00e7\u00f5es Sociais<\/a><\/li>\n<li><a href=\"https:\/\/obcoop.ufms.br\/files\/2022\/08\/Planejamento-Financeiro-para-negocios-baseados-em-economia-solidaria.pdf\" target=\"_blank\" rel=\"noopener\">Planejamento Financeiro para neg\u00f3cios baseados em economia solid\u00e1ria<\/a><\/li>\n<li><a href=\"https:\/\/obcoop.ufms.br\/files\/2022\/08\/Gestao-de-Cooperativas-e-Governanca.pdf\" target=\"_blank\" rel=\"noopener\">Gest\u00e3o de Cooperativas e Governan\u00e7a<\/a><\/li>\n<\/ul>\n<p>&nbsp;<\/p>\n<h3>Eixo 3: Planejamento de Pesquisa<\/h3>\n<ul>\n<li><a href=\"https:\/\/obcoop.ufms.br\/files\/2022\/08\/Metodos-e-Tecnicas-de-Pesquisa.pdf\" target=\"_blank\" rel=\"noopener\">M\u00e9todos e T\u00e9cnicas de Pesquisa<\/a><\/li>\n<li><a href=\"https:\/\/obcoop.ufms.br\/files\/2022\/08\/Seminarios-Integradores.pdf\" target=\"_blank\" rel=\"noopener\">Semin\u00e1rios Integradores<\/a><\/li>\n<\/ul>\n","protected":false},"excerpt":{"rendered":"<p>Eixo 1: Natureza da Economia Solid\u00e1ria Fundamentos de Economia Solid\u00e1ria Lideran\u00e7a, valor e cultura Cooperativismo, associativismo e economia solid\u00e1ria Fundamentos da agricultura familiar &nbsp; Eixo 2: Forma\u00e7\u00e3o de agentes de campo da Economia Solid\u00e1ria Modelos Contempor\u00e2neos de Gest\u00e3o Planejamento Estrat\u00e9gico em Organiza\u00e7\u00f5es Sociais Planejamento Financeiro para neg\u00f3cios baseados em economia solid\u00e1ria Gest\u00e3o de Cooperativas e [&hellip;]<\/p>\n","protected":false},"author":3579,"featured_media":0,"parent":42,"menu_order":0,"comment_status":"closed","ping_status":"closed","template":"","meta":{"ngg_post_thumbnail":0,"footnotes":""},"coauthors":[],"class_list":["post-303","page","type-page","status-publish","hentry"],"_links":{"self":[{"href":"https:\/\/obcoop.ufms.br\/en\/wp-json\/wp\/v2\/pages\/303","targetHints":{"allow":["GET"]}}],"collection":[{"href":"https:\/\/obcoop.ufms.br\/en\/wp-json\/wp\/v2\/pages"}],"about":[{"href":"https:\/\/obcoop.ufms.br\/en\/wp-json\/wp\/v2\/types\/page"}],"author":[{"embeddable":true,"href":"https:\/\/obcoop.ufms.br\/en\/wp-json\/wp\/v2\/users\/3579"}],"replies":[{"embeddable":true,"href":"https:\/\/obcoop.ufms.br\/en\/wp-json\/wp\/v2\/comments?post=303"}],"version-history":[{"count":5,"href":"https:\/\/obcoop.ufms.br\/en\/wp-json\/wp\/v2\/pages\/303\/revisions"}],"predecessor-version":[{"id":417,"href":"https:\/\/obcoop.ufms.br\/en\/wp-json\/wp\/v2\/pages\/303\/revisions\/417"}],"up":[{"embeddable":true,"href":"https:\/\/obcoop.ufms.br\/en\/wp-json\/wp\/v2\/pages\/42"}],"wp:attachment":[{"href":"https:\/\/obcoop.ufms.br\/en\/wp-json\/wp\/v2\/media?parent=303"}],"wp:term":[{"taxonomy":"author","embeddable":true,"href":"https:\/\/obcoop.ufms.br\/en\/wp-json\/wp\/v2\/coauthors?post=303"}],"curies":[{"name":"wp","href":"https:\/\/api.w.org\/{rel}","templated":true}]}}