{"id":828,"date":"2023-06-15T10:32:23","date_gmt":"2023-06-15T14:32:23","guid":{"rendered":"https:\/\/obcoop.ufms.br\/?page_id=828"},"modified":"2025-03-10T19:58:33","modified_gmt":"2025-03-10T23:58:33","slug":"processo-seletivo-proalter-2023","status":"publish","type":"page","link":"https:\/\/obcoop.ufms.br\/en\/proalter\/processo-seletivo-proalter-2023\/","title":{"rendered":"Processo Seletivo PROALTER 2023"},"content":{"rendered":"<ul>\n<li><strong>Edital para Preenchimento de Vagas (Finalizado)<\/strong>\n<ul>\n<li><a href=\"https:\/\/obcoop.ufms.br\/files\/2023\/04\/Edital-Proece-no-119-2023-vagas-remanescentes-Proalter.pdf\" target=\"_blank\" rel=\"noopener\">Edital de Divulga\u00e7\u00e3o para Ingresso<\/a><\/li>\n<li><a href=\"https:\/\/obcoop.ufms.br\/files\/2023\/04\/Edital-ESAN-no-17-resultado-preliminar-das-inscricoes-deferidas-Proalter.pdf\" target=\"_blank\" rel=\"noopener\">Edital do Resultado Preliminar das Inscri\u00e7\u00f5es<\/a><\/li>\n<li><a href=\"https:\/\/obcoop.ufms.br\/files\/2023\/05\/SEI_UFMS-4032014-Edital.pdf\" target=\"_blank\" rel=\"noopener\">Edital de Interposi\u00e7\u00e3o de Recursos das Inscri\u00e7\u00f5es Indeferidas<\/a><\/li>\n<li><a href=\"https:\/\/obcoop.ufms.br\/files\/2023\/05\/SEI_UFMS-4032015-Edital.pdf\" target=\"_blank\" rel=\"noopener\">Edital do Resultado Preliminar da An\u00e1lise de Curr\u00edculo<\/a><\/li>\n<li><a href=\"https:\/\/obcoop.ufms.br\/files\/2023\/05\/Edital-ESAN-no-20-2023-resultado-de-interposicao-de-recursos-analise-de-curriculo.pdf\" target=\"_blank\" rel=\"noopener\">Edital de Interposi\u00e7\u00e3o de Recursos da An\u00e1lise de Curr\u00edculo<\/a><\/li>\n<li><a href=\"https:\/\/obcoop.ufms.br\/files\/2023\/05\/Edital-ESAN-no-21-2023-resultado-final-estudantes-Proalter.pdf\" target=\"_blank\" rel=\"noopener\">Edital do Resultado Final<\/a><\/li>\n<li><a href=\"https:\/\/obcoop.ufms.br\/files\/2023\/05\/EDITAL_1472023__PROECE_RTR__n_147__de_12_05_2023-Retificacao-Cronograma.pdf\" target=\"_blank\" rel=\"noopener\">Retifica\u00e7\u00e3o do Cronograma para Matr\u00edcula e Aula Magna<\/a><\/li>\n<li><a href=\"https:\/\/obcoop.ufms.br\/files\/2023\/05\/Edital-ESAn-no-22-2023-convocacao-para-matricula-Proalter.pdf\" target=\"_blank\" rel=\"noopener\">Convoca\u00e7\u00e3o para Matr\u00edcula<\/a><\/li>\n<\/ul>\n<\/li>\n<\/ul>\n<p>&nbsp;<\/p>\n<ul>\n<li><strong>Edital de Vagas Remanescentes (Finalizado)<\/strong>\n<ul>\n<li><a href=\"https:\/\/obcoop.ufms.br\/files\/2023\/02\/Edital_3822168_EDITAL_252023__PROECE_RTR__n_25__de_02_02_2023.pdf\" target=\"_blank\" rel=\"noopener\">Edital de Divulga\u00e7\u00e3o para Ingresso<\/a><\/li>\n<li><a href=\"https:\/\/obcoop.ufms.br\/files\/2023\/02\/Retificacao-do-Cronograma-Edital-de-Vagas-Remasnecentes.pdf\" target=\"_blank\" rel=\"noopener\">Edital de Retifica\u00e7\u00e3o do Cronograma<\/a><\/li>\n<li><a href=\"https:\/\/obcoop.ufms.br\/files\/2023\/04\/Resultado-das-Inscricoes-Proalter-Vagas-Remanescente.pdf\" target=\"_blank\" rel=\"noopener\">Edital do Resultado das Inscri\u00e7\u00f5es<\/a><\/li>\n<li><a href=\"https:\/\/obcoop.ufms.br\/files\/2023\/04\/Edital-Interposicao-de-Recurso-PROTALTER-Vagas-Remanescentes.pdf\" target=\"_blank\" rel=\"noopener\">Edital de Interposi\u00e7\u00f5es de Recursos das Inscri\u00e7\u00f5es<\/a><\/li>\n<li><a href=\"https:\/\/obcoop.ufms.br\/files\/2023\/04\/Edital-ESAN-n-14-2023-resultado-preliminar-analise-de-curriculo-Proalter.pdf\" target=\"_blank\" rel=\"noopener\">Edital do Resultado Preliminar da An\u00e1lise de Curr\u00edculo<\/a><\/li>\n<li><a href=\"https:\/\/obcoop.ufms.br\/files\/2023\/04\/Edital-ESAN-no-15-2023-resultado-interposicao-de-recurso-analise-de-curriculo.pdf\" target=\"_blank\" rel=\"noopener\">Edital de Interposi\u00e7\u00f5es de Recursos da An\u00e1lise de Curr\u00edculo<\/a><\/li>\n<li><a href=\"https:\/\/obcoop.ufms.br\/files\/2023\/04\/Edital-ESAN-no-16-2023-resultado-final-selecionados-Proalter.pdf\" target=\"_blank\" rel=\"noopener\">Edital do Resultado Final<\/a><\/li>\n<li><a href=\"https:\/\/obcoop.ufms.br\/files\/2023\/05\/EDITAL_1472023__PROECE_RTR__n_147__de_12_05_2023-Retificacao-Cronograma.pdf\" target=\"_blank\" rel=\"noopener\">Retifica\u00e7\u00e3o do Cronograma para Matr\u00edcula e Aula Magna<\/a><\/li>\n<li><a href=\"https:\/\/obcoop.ufms.br\/files\/2023\/05\/Edital-ESAn-no-22-2023-convocacao-para-matricula-Proalter.pdf\" target=\"_blank\" rel=\"noopener\">Convoca\u00e7\u00e3o para Matr\u00edcula<\/a><\/li>\n<\/ul>\n<\/li>\n<\/ul>\n<p>&nbsp;<\/p>\n<ul>\n<li><strong>Edital de Vagas Regulares (Finalizado)<\/strong>\n<ul>\n<li><a href=\"https:\/\/obcoop.ufms.br\/files\/2022\/12\/EDITAL_358__PROECE_RTR__n_358__de_01_12_2022.pdf\" target=\"_blank\" rel=\"noopener\">Edital de Divulga\u00e7\u00e3o para Ingresso<\/a><\/li>\n<li><a href=\"https:\/\/obcoop.ufms.br\/files\/2023\/01\/EDITAL-ESANUFMS-n-2-2023.pdf\" target=\"_blank\" rel=\"noopener\">Edital do Resultado das Inscri\u00e7\u00f5es<\/a><\/li>\n<li><a href=\"https:\/\/obcoop.ufms.br\/files\/2023\/01\/Edital-ESAN-3-2023-sem-interposicao-de-recursos-alunos-Proalter.pdf\" target=\"_blank\" rel=\"noopener\">Edital de Interposi\u00e7\u00f5es de Recursos das Inscri\u00e7\u00f5es<\/a><\/li>\n<li><a href=\"https:\/\/obcoop.ufms.br\/files\/2023\/01\/Edital-ESAN-no-4-2023-20-01-23.pdf\" target=\"_blank\" rel=\"noopener\">Edital do Resultado da An\u00e1lise de Curr\u00edculo<\/a><\/li>\n<li><a href=\"https:\/\/obcoop.ufms.br\/files\/2023\/01\/Edital-5-2023-recursos-analise-de-curriculo-estudantes.pdf\" target=\"_blank\" rel=\"noopener\">Edital de Interposi\u00e7\u00f5es de Recursos da An\u00e1lise de Curr\u00edculo<\/a><\/li>\n<li><a href=\"https:\/\/obcoop.ufms.br\/files\/2023\/01\/Edital-6-2023-relacao-de-estudantes-aprovados.pdf\" target=\"_blank\" rel=\"noopener\">Edital do Resultado Final<\/a><\/li>\n<li><a href=\"https:\/\/obcoop.ufms.br\/files\/2023\/05\/EDITAL_1472023__PROECE_RTR__n_147__de_12_05_2023-Retificacao-Cronograma.pdf\" target=\"_blank\" rel=\"noopener\">Retifica\u00e7\u00e3o do Cronograma para Matr\u00edcula e Aula Magna<\/a><\/li>\n<li><a href=\"https:\/\/obcoop.ufms.br\/files\/2023\/05\/Edital-ESAn-no-22-2023-convocacao-para-matricula-Proalter.pdf\" target=\"_blank\" rel=\"noopener\">Convoca\u00e7\u00e3o para Matr\u00edcula<\/a><\/li>\n<\/ul>\n<\/li>\n<\/ul>\n","protected":false},"excerpt":{"rendered":"<p>Edital para Preenchimento de Vagas (Finalizado) Edital de Divulga\u00e7\u00e3o para Ingresso Edital do Resultado Preliminar das Inscri\u00e7\u00f5es Edital de Interposi\u00e7\u00e3o de Recursos das Inscri\u00e7\u00f5es Indeferidas Edital do Resultado Preliminar da An\u00e1lise de Curr\u00edculo Edital de Interposi\u00e7\u00e3o de Recursos da An\u00e1lise de Curr\u00edculo Edital do Resultado Final Retifica\u00e7\u00e3o do Cronograma para Matr\u00edcula e Aula Magna Convoca\u00e7\u00e3o [&hellip;]<\/p>\n","protected":false},"author":3579,"featured_media":0,"parent":42,"menu_order":0,"comment_status":"closed","ping_status":"closed","template":"","meta":{"ngg_post_thumbnail":0,"footnotes":""},"coauthors":[],"class_list":["post-828","page","type-page","status-publish","hentry"],"_links":{"self":[{"href":"https:\/\/obcoop.ufms.br\/en\/wp-json\/wp\/v2\/pages\/828","targetHints":{"allow":["GET"]}}],"collection":[{"href":"https:\/\/obcoop.ufms.br\/en\/wp-json\/wp\/v2\/pages"}],"about":[{"href":"https:\/\/obcoop.ufms.br\/en\/wp-json\/wp\/v2\/types\/page"}],"author":[{"embeddable":true,"href":"https:\/\/obcoop.ufms.br\/en\/wp-json\/wp\/v2\/users\/3579"}],"replies":[{"embeddable":true,"href":"https:\/\/obcoop.ufms.br\/en\/wp-json\/wp\/v2\/comments?post=828"}],"version-history":[{"count":2,"href":"https:\/\/obcoop.ufms.br\/en\/wp-json\/wp\/v2\/pages\/828\/revisions"}],"predecessor-version":[{"id":830,"href":"https:\/\/obcoop.ufms.br\/en\/wp-json\/wp\/v2\/pages\/828\/revisions\/830"}],"up":[{"embeddable":true,"href":"https:\/\/obcoop.ufms.br\/en\/wp-json\/wp\/v2\/pages\/42"}],"wp:attachment":[{"href":"https:\/\/obcoop.ufms.br\/en\/wp-json\/wp\/v2\/media?parent=828"}],"wp:term":[{"taxonomy":"author","embeddable":true,"href":"https:\/\/obcoop.ufms.br\/en\/wp-json\/wp\/v2\/coauthors?post=828"}],"curies":[{"name":"wp","href":"https:\/\/api.w.org\/{rel}","templated":true}]}}